{"id":2028,"date":"2023-04-12T22:44:14","date_gmt":"2023-04-12T20:44:14","guid":{"rendered":"https:\/\/www.sprachschule-aktiv-stade.de\/kontaktformular\/"},"modified":"2023-07-08T16:46:40","modified_gmt":"2023-07-08T14:46:40","slug":"contactez-nous","status":"publish","type":"page","link":"https:\/\/www.sprachschule-aktiv-stade.de\/fr\/contactez-nous\/","title":{"rendered":"Formulaire de contact \u2013 Sprachschule Aktiv"},"content":{"rendered":"\t\t<div data-elementor-type=\"wp-page\" data-elementor-id=\"2028\" class=\"elementor elementor-2028 elementor-26\">\n\t\t\t\t\t\t<section class=\"elementor-section elementor-top-section elementor-element elementor-element-e3b45a6 elementor-section-boxed elementor-section-height-default elementor-section-height-default\" data-id=\"e3b45a6\" data-element_type=\"section\" data-e-type=\"section\">\n\t\t\t\t\t\t<div class=\"elementor-container elementor-column-gap-default\">\n\t\t\t\t\t<div class=\"elementor-column elementor-col-100 elementor-top-column elementor-element elementor-element-d732f57\" data-id=\"d732f57\" data-element_type=\"column\" data-e-type=\"column\">\n\t\t\t<div class=\"elementor-widget-wrap elementor-element-populated\">\n\t\t\t\t\t\t<div class=\"elementor-element elementor-element-8bfb018 elementor-widget elementor-widget-text-editor\" data-id=\"8bfb018\" data-element_type=\"widget\" data-e-type=\"widget\" data-widget_type=\"text-editor.default\">\n\t\t\t\t<div class=\"elementor-widget-container\">\n\t\t\t\t\t\t\t\t\t<h2>Formulaire de contact &#8211; votre demande<\/h2>\nEmplacement, heures d&#8217;ouverture, emplacements et contact de Sprachschule Aktiv Stade. Merci de nous contacter via notre formulaire de contact :\t\t\t\t\t\t\t\t<\/div>\n\t\t\t\t<\/div>\n\t\t\t\t<div class=\"elementor-element elementor-element-02b0795 elementor-widget elementor-widget-text-editor\" data-id=\"02b0795\" data-element_type=\"widget\" data-e-type=\"widget\" data-widget_type=\"text-editor.default\">\n\t\t\t\t<div class=\"elementor-widget-container\">\n\t\t\t\t\t\t\t\t\t\n<div class=\"wpcf7 no-js\" id=\"wpcf7-f2033-o1\" lang=\"fr-FR\" dir=\"ltr\" data-wpcf7-id=\"2033\">\n<div class=\"screen-reader-response\"><p role=\"status\" aria-live=\"polite\" aria-atomic=\"true\"><\/p> <ul><\/ul><\/div>\n<form action=\"\/fr\/wp-json\/wp\/v2\/pages\/2028#wpcf7-f2033-o1\" method=\"post\" class=\"wpcf7-form init wpcf7-acceptance-as-validation\" aria-label=\"Formulaire de contact\" novalidate=\"novalidate\" data-status=\"init\">\n<fieldset class=\"hidden-fields-container\"><input type=\"hidden\" name=\"_wpcf7\" value=\"2033\" \/><input type=\"hidden\" name=\"_wpcf7_version\" value=\"6.1.5\" \/><input type=\"hidden\" name=\"_wpcf7_locale\" value=\"fr_FR\" \/><input type=\"hidden\" name=\"_wpcf7_unit_tag\" value=\"wpcf7-f2033-o1\" \/><input type=\"hidden\" name=\"_wpcf7_container_post\" value=\"0\" \/><input type=\"hidden\" name=\"_wpcf7_posted_data_hash\" value=\"\" \/><input type=\"hidden\" name=\"_wpcf7cf_hidden_group_fields\" value=\"[]\" \/><input type=\"hidden\" name=\"_wpcf7cf_hidden_groups\" value=\"[]\" \/><input type=\"hidden\" name=\"_wpcf7cf_visible_groups\" value=\"[]\" \/><input type=\"hidden\" name=\"_wpcf7cf_repeaters\" value=\"[]\" \/><input type=\"hidden\" name=\"_wpcf7cf_steps\" value=\"{}\" \/><input type=\"hidden\" name=\"_wpcf7cf_options\" value=\"{&quot;form_id&quot;:2033,&quot;conditions&quot;:[],&quot;settings&quot;:{&quot;animation&quot;:&quot;yes&quot;,&quot;animation_intime&quot;:200,&quot;animation_outtime&quot;:200,&quot;conditions_ui&quot;:&quot;normal&quot;,&quot;notice_dismissed&quot;:false}}\" \/><input type=\"hidden\" name=\"_wpcf7_recaptcha_response\" value=\"\" \/>\n<\/fieldset>\n<p>Firma: <span class=\"wpcf7-form-control-wrap\" data-name=\"Firma\"><input size=\"40\" maxlength=\"400\" class=\"wpcf7-form-control wpcf7-text fullwidth\" aria-invalid=\"false\" value=\"\" type=\"text\" name=\"Firma\" \/><\/span>\n<\/p>\n<p>Vorname*: <span class=\"wpcf7-form-control-wrap\" data-name=\"Vorname\"><input size=\"40\" maxlength=\"400\" class=\"wpcf7-form-control wpcf7-text wpcf7-validates-as-required fullwidth\" aria-required=\"true\" aria-invalid=\"false\" value=\"\" type=\"text\" name=\"Vorname\" \/><\/span>\n<\/p>\n<p>Nachname*: <span class=\"wpcf7-form-control-wrap\" data-name=\"Nachname\"><input size=\"40\" maxlength=\"400\" class=\"wpcf7-form-control wpcf7-text wpcf7-validates-as-required fullwidth\" aria-required=\"true\" aria-invalid=\"false\" value=\"\" type=\"text\" name=\"Nachname\" \/><\/span>\n<\/p>\n<p>E-mail*: <span class=\"wpcf7-form-control-wrap\" data-name=\"email\"><input size=\"40\" maxlength=\"400\" class=\"wpcf7-form-control wpcf7-email wpcf7-validates-as-required wpcf7-text wpcf7-validates-as-email fullwidth\" aria-required=\"true\" aria-invalid=\"false\" value=\"\" type=\"email\" name=\"email\" \/><\/span>\n<\/p>\n<p>Telefon*: <span class=\"wpcf7-form-control-wrap\" data-name=\"Telefon\"><input size=\"40\" maxlength=\"400\" class=\"wpcf7-form-control wpcf7-text wpcf7-validates-as-required fullwidth\" aria-required=\"true\" aria-invalid=\"false\" value=\"\" type=\"text\" name=\"Telefon\" \/><\/span>\n<\/p>\n<p>Ihre Frage: <span class=\"wpcf7-form-control-wrap\" data-name=\"message\"><textarea cols=\"200\" rows=\"7\" maxlength=\"2000\" class=\"wpcf7-form-control wpcf7-textarea\" aria-invalid=\"false\" name=\"message\"><\/textarea><\/span>\n<\/p>\n<div style=\"\">\n\t<p><span class=\"wpcf7-form-control-wrap\" data-name=\"agb\"><span class=\"wpcf7-form-control wpcf7-acceptance\"><span class=\"wpcf7-list-item\"><input type=\"checkbox\" name=\"agb\" value=\"1\" aria-invalid=\"false\" \/><\/span><\/span><\/span> (*) Ich habe die <a href=\"https:\/\/www.sprachschule-aktiv-stade.de\/allgemeine-geschaeftsbedingungen\/\" target=\"_blank\">Allgemeinen Gesch\u00e4ftsbedingungen<\/a> akzeptiert und habe die Hinweise zum <a href=\"https:\/\/www.sprachschule-aktiv-stade.de\/datenschutzerklarung\/\" target=\"_blank\">Datenschutz<\/a> zur Kenntnis genommen.\n\t<\/p>\n<\/div>\n<p><b>Wichtige Information \u2013 Nutzung Ihrer Daten aus diesem Formular<\/b><br \/>\nWichtige Hinweise zum Datenschutz: Ich habe zur Kenntnis genommen, dass ich das Recht auf Auskunft, Korrektur, L\u00f6schung oder Anonymisierung meiner Daten habe. Ihre pers\u00f6nlichen Daten werden in unserer hausinternen Datenbank gespeichert und dienen ausschlie\u00dflich der Bearbeitung Ihrer Anfrage bzw. Anmeldung. Wir geben Ihre pers\u00f6nlichen Daten grunds\u00e4tzlich nicht ohne Ihre Einwilligung an Dritte weiter, sofern dies nicht zur Vertragsdurchf\u00fchrung notwendig ist oder Sie uns dazu auffordern. Weitere Informationen entnehmen Sie bitte unserer <a href=\"https:\/\/www.sprachschule-aktiv-stade.de\/datenschutzerklarung\/\" target=\"_blank\">Datenschutzerkl\u00e4rung<\/a>.\n<\/p>\n<p><input class=\"wpcf7-form-control wpcf7-submit has-spinner fullwidth\" type=\"submit\" value=\"Senden\" \/>\n<\/p><div class=\"wpcf7-response-output\" aria-hidden=\"true\"><\/div>\n<\/form>\n<\/div>\n\t\t\t\t\t\t\t\t<\/div>\n\t\t\t\t<\/div>\n\t\t\t\t\t<\/div>\n\t\t<\/div>\n\t\t\t\t\t<\/div>\n\t\t<\/section>\n\t\t\t\t<\/div>\n\t\t","protected":false},"excerpt":{"rendered":"<p>Formulaire de contact &#8211; votre demande Emplacement, heures d&#8217;ouverture, emplacements et contact de Sprachschule Aktiv Stade. Merci de nous contacter via notre formulaire de contact :<\/p>\n","protected":false},"author":1,"featured_media":0,"parent":0,"menu_order":0,"comment_status":"closed","ping_status":"closed","template":"","meta":{"footnotes":""},"class_list":["post-2028","page","type-page","status-publish","hentry"],"yoast_head":"<!-- This site is optimized with the Yoast SEO plugin v27.1.1 - https:\/\/yoast.com\/product\/yoast-seo-wordpress\/ -->\n<title>Formulaire de contact - n&#039;h\u00e9sitez pas \u00e0 nous poser votre question<\/title>\n<meta name=\"description\" content=\"Ceci est le formulaire de contact pour Sprachschule Aktiv \u00e0 Stade. Cherchez un cours de langue \u00e0 Karlsruhe. Veuillez poser votre question.\" \/>\n<meta name=\"robots\" content=\"index, follow, max-snippet:-1, max-image-preview:large, max-video-preview:-1\" \/>\n<link rel=\"canonical\" href=\"https:\/\/www.sprachschule-aktiv-stade.de\/fr\/contactez-nous\/\" \/>\n<meta property=\"og:locale\" content=\"fr_FR\" \/>\n<meta property=\"og:type\" content=\"article\" \/>\n<meta property=\"og:title\" content=\"Formulaire de contact - n&#039;h\u00e9sitez pas \u00e0 nous poser votre question\" \/>\n<meta property=\"og:description\" content=\"Ceci est le formulaire de contact pour Sprachschule Aktiv \u00e0 Stade. Cherchez un cours de langue \u00e0 Karlsruhe. Veuillez poser votre question.\" \/>\n<meta property=\"og:url\" content=\"https:\/\/www.sprachschule-aktiv-stade.de\/fr\/contactez-nous\/\" \/>\n<meta property=\"og:site_name\" content=\"Sprachschule Aktiv Stade\" \/>\n<meta property=\"article:modified_time\" content=\"2023-07-08T14:46:40+00:00\" \/>\n<meta name=\"twitter:card\" content=\"summary_large_image\" \/>\n<meta name=\"twitter:label1\" content=\"Dur\u00e9e de lecture estim\u00e9e\" \/>\n\t<meta name=\"twitter:data1\" content=\"1 minute\" \/>\n<script type=\"application\/ld+json\" class=\"yoast-schema-graph\">{\"@context\":\"https:\/\/schema.org\",\"@graph\":[{\"@type\":\"WebPage\",\"@id\":\"https:\/\/www.sprachschule-aktiv-stade.de\/fr\/contactez-nous\/\",\"url\":\"https:\/\/www.sprachschule-aktiv-stade.de\/fr\/contactez-nous\/\",\"name\":\"Formulaire de contact - n'h\u00e9sitez pas \u00e0 nous poser votre question\",\"isPartOf\":{\"@id\":\"https:\/\/www.sprachschule-aktiv-stade.de\/#website\"},\"datePublished\":\"2023-04-12T20:44:14+00:00\",\"dateModified\":\"2023-07-08T14:46:40+00:00\",\"description\":\"Ceci est le formulaire de contact pour Sprachschule Aktiv \u00e0 Stade. Cherchez un cours de langue \u00e0 Karlsruhe. Veuillez poser votre question.\",\"breadcrumb\":{\"@id\":\"https:\/\/www.sprachschule-aktiv-stade.de\/fr\/contactez-nous\/#breadcrumb\"},\"inLanguage\":\"fr-FR\",\"potentialAction\":[{\"@type\":\"ReadAction\",\"target\":[\"https:\/\/www.sprachschule-aktiv-stade.de\/fr\/contactez-nous\/\"]}]},{\"@type\":\"BreadcrumbList\",\"@id\":\"https:\/\/www.sprachschule-aktiv-stade.de\/fr\/contactez-nous\/#breadcrumb\",\"itemListElement\":[{\"@type\":\"ListItem\",\"position\":1,\"name\":\"Startseite\",\"item\":\"https:\/\/www.sprachschule-aktiv-stade.de\/fr\/\"},{\"@type\":\"ListItem\",\"position\":2,\"name\":\"Formulaire de contact \u2013 Sprachschule Aktiv\"}]},{\"@type\":\"WebSite\",\"@id\":\"https:\/\/www.sprachschule-aktiv-stade.de\/#website\",\"url\":\"https:\/\/www.sprachschule-aktiv-stade.de\/\",\"name\":\"Sprachschule Aktiv Stade\",\"description\":\"\",\"potentialAction\":[{\"@type\":\"SearchAction\",\"target\":{\"@type\":\"EntryPoint\",\"urlTemplate\":\"https:\/\/www.sprachschule-aktiv-stade.de\/?s={search_term_string}\"},\"query-input\":{\"@type\":\"PropertyValueSpecification\",\"valueRequired\":true,\"valueName\":\"search_term_string\"}}],\"inLanguage\":\"fr-FR\"}]}<\/script>\n<!-- \/ Yoast SEO plugin. -->","yoast_head_json":{"title":"Formulaire de contact - n'h\u00e9sitez pas \u00e0 nous poser votre question","description":"Ceci est le formulaire de contact pour Sprachschule Aktiv \u00e0 Stade. Cherchez un cours de langue \u00e0 Karlsruhe. Veuillez poser votre question.","robots":{"index":"index","follow":"follow","max-snippet":"max-snippet:-1","max-image-preview":"max-image-preview:large","max-video-preview":"max-video-preview:-1"},"canonical":"https:\/\/www.sprachschule-aktiv-stade.de\/fr\/contactez-nous\/","og_locale":"fr_FR","og_type":"article","og_title":"Formulaire de contact - n'h\u00e9sitez pas \u00e0 nous poser votre question","og_description":"Ceci est le formulaire de contact pour Sprachschule Aktiv \u00e0 Stade. Cherchez un cours de langue \u00e0 Karlsruhe. Veuillez poser votre question.","og_url":"https:\/\/www.sprachschule-aktiv-stade.de\/fr\/contactez-nous\/","og_site_name":"Sprachschule Aktiv Stade","article_modified_time":"2023-07-08T14:46:40+00:00","twitter_card":"summary_large_image","twitter_misc":{"Dur\u00e9e de lecture estim\u00e9e":"1 minute"},"schema":{"@context":"https:\/\/schema.org","@graph":[{"@type":"WebPage","@id":"https:\/\/www.sprachschule-aktiv-stade.de\/fr\/contactez-nous\/","url":"https:\/\/www.sprachschule-aktiv-stade.de\/fr\/contactez-nous\/","name":"Formulaire de contact - n'h\u00e9sitez pas \u00e0 nous poser votre question","isPartOf":{"@id":"https:\/\/www.sprachschule-aktiv-stade.de\/#website"},"datePublished":"2023-04-12T20:44:14+00:00","dateModified":"2023-07-08T14:46:40+00:00","description":"Ceci est le formulaire de contact pour Sprachschule Aktiv \u00e0 Stade. Cherchez un cours de langue \u00e0 Karlsruhe. Veuillez poser votre question.","breadcrumb":{"@id":"https:\/\/www.sprachschule-aktiv-stade.de\/fr\/contactez-nous\/#breadcrumb"},"inLanguage":"fr-FR","potentialAction":[{"@type":"ReadAction","target":["https:\/\/www.sprachschule-aktiv-stade.de\/fr\/contactez-nous\/"]}]},{"@type":"BreadcrumbList","@id":"https:\/\/www.sprachschule-aktiv-stade.de\/fr\/contactez-nous\/#breadcrumb","itemListElement":[{"@type":"ListItem","position":1,"name":"Startseite","item":"https:\/\/www.sprachschule-aktiv-stade.de\/fr\/"},{"@type":"ListItem","position":2,"name":"Formulaire de contact \u2013 Sprachschule Aktiv"}]},{"@type":"WebSite","@id":"https:\/\/www.sprachschule-aktiv-stade.de\/#website","url":"https:\/\/www.sprachschule-aktiv-stade.de\/","name":"Sprachschule Aktiv Stade","description":"","potentialAction":[{"@type":"SearchAction","target":{"@type":"EntryPoint","urlTemplate":"https:\/\/www.sprachschule-aktiv-stade.de\/?s={search_term_string}"},"query-input":{"@type":"PropertyValueSpecification","valueRequired":true,"valueName":"search_term_string"}}],"inLanguage":"fr-FR"}]}},"_links":{"self":[{"href":"https:\/\/www.sprachschule-aktiv-stade.de\/fr\/wp-json\/wp\/v2\/pages\/2028","targetHints":{"allow":["GET"]}}],"collection":[{"href":"https:\/\/www.sprachschule-aktiv-stade.de\/fr\/wp-json\/wp\/v2\/pages"}],"about":[{"href":"https:\/\/www.sprachschule-aktiv-stade.de\/fr\/wp-json\/wp\/v2\/types\/page"}],"author":[{"embeddable":true,"href":"https:\/\/www.sprachschule-aktiv-stade.de\/fr\/wp-json\/wp\/v2\/users\/1"}],"replies":[{"embeddable":true,"href":"https:\/\/www.sprachschule-aktiv-stade.de\/fr\/wp-json\/wp\/v2\/comments?post=2028"}],"version-history":[{"count":7,"href":"https:\/\/www.sprachschule-aktiv-stade.de\/fr\/wp-json\/wp\/v2\/pages\/2028\/revisions"}],"predecessor-version":[{"id":2036,"href":"https:\/\/www.sprachschule-aktiv-stade.de\/fr\/wp-json\/wp\/v2\/pages\/2028\/revisions\/2036"}],"wp:attachment":[{"href":"https:\/\/www.sprachschule-aktiv-stade.de\/fr\/wp-json\/wp\/v2\/media?parent=2028"}],"curies":[{"name":"wp","href":"https:\/\/api.w.org\/{rel}","templated":true}]}}