{"id":2038,"date":"2023-04-12T22:49:08","date_gmt":"2023-04-12T20:49:08","guid":{"rendered":"https:\/\/www.sprachschule-aktiv-stade.de\/anmeldung\/"},"modified":"2023-07-08T18:28:40","modified_gmt":"2023-07-08T16:28:40","slug":"reservez-maintenant","status":"publish","type":"page","link":"https:\/\/www.sprachschule-aktiv-stade.de\/fr\/reservez-maintenant\/","title":{"rendered":"Inscription aux cours de langue \u00e0 Stade &#8211; R\u00e9servez un cours !"},"content":{"rendered":"\t\t<div data-elementor-type=\"wp-page\" data-elementor-id=\"2038\" class=\"elementor elementor-2038 elementor-33\">\n\t\t\t\t\t\t<section class=\"elementor-section elementor-top-section elementor-element elementor-element-19a85f2 elementor-section-boxed elementor-section-height-default elementor-section-height-default\" data-id=\"19a85f2\" data-element_type=\"section\" data-e-type=\"section\">\n\t\t\t\t\t\t<div class=\"elementor-container elementor-column-gap-default\">\n\t\t\t\t\t<div class=\"elementor-column elementor-col-100 elementor-top-column elementor-element elementor-element-d7c1c47\" data-id=\"d7c1c47\" data-element_type=\"column\" data-e-type=\"column\">\n\t\t\t<div class=\"elementor-widget-wrap elementor-element-populated\">\n\t\t\t\t\t\t<div class=\"elementor-element elementor-element-c01ff2f elementor-widget elementor-widget-text-editor\" data-id=\"c01ff2f\" data-element_type=\"widget\" data-e-type=\"widget\" data-widget_type=\"text-editor.default\">\n\t\t\t\t<div class=\"elementor-widget-container\">\n\t\t\t\t\t\t\t\t\t<h2>Inscription aux cours de langue \u00e0 la Sprachschule Aktiv Stade<\/h2>\nInscription aux cours de langue \u2013 Veuillez remplir le formulaire d&#8217;inscription au cours de langue souhait\u00e9.\t\t\t\t\t\t\t\t<\/div>\n\t\t\t\t<\/div>\n\t\t\t\t<div class=\"elementor-element elementor-element-7fd5efc elementor-widget elementor-widget-text-editor\" data-id=\"7fd5efc\" data-element_type=\"widget\" data-e-type=\"widget\" data-widget_type=\"text-editor.default\">\n\t\t\t\t<div class=\"elementor-widget-container\">\n\t\t\t\t\t\t\t\t\t\n<div class=\"wpcf7 no-js\" id=\"wpcf7-f2043-o1\" lang=\"fr-FR\" dir=\"ltr\" data-wpcf7-id=\"2043\">\n<div class=\"screen-reader-response\"><p role=\"status\" aria-live=\"polite\" aria-atomic=\"true\"><\/p> <ul><\/ul><\/div>\n<form action=\"\/fr\/wp-json\/wp\/v2\/pages\/2038#wpcf7-f2043-o1\" method=\"post\" class=\"wpcf7-form init wpcf7-acceptance-as-validation\" aria-label=\"Formulaire de contact\" novalidate=\"novalidate\" data-status=\"init\">\n<fieldset class=\"hidden-fields-container\"><input type=\"hidden\" name=\"_wpcf7\" value=\"2043\" \/><input type=\"hidden\" name=\"_wpcf7_version\" value=\"6.1.5\" \/><input type=\"hidden\" name=\"_wpcf7_locale\" value=\"fr_FR\" \/><input type=\"hidden\" name=\"_wpcf7_unit_tag\" value=\"wpcf7-f2043-o1\" \/><input type=\"hidden\" name=\"_wpcf7_container_post\" value=\"0\" \/><input type=\"hidden\" name=\"_wpcf7_posted_data_hash\" value=\"\" \/><input type=\"hidden\" name=\"_wpcf7cf_hidden_group_fields\" value=\"[]\" \/><input type=\"hidden\" name=\"_wpcf7cf_hidden_groups\" value=\"[]\" \/><input type=\"hidden\" name=\"_wpcf7cf_visible_groups\" value=\"[]\" \/><input type=\"hidden\" name=\"_wpcf7cf_repeaters\" value=\"[]\" \/><input type=\"hidden\" name=\"_wpcf7cf_steps\" value=\"{}\" \/><input type=\"hidden\" name=\"_wpcf7cf_options\" value=\"{&quot;form_id&quot;:2043,&quot;conditions&quot;:[],&quot;settings&quot;:{&quot;animation&quot;:&quot;yes&quot;,&quot;animation_intime&quot;:200,&quot;animation_outtime&quot;:200,&quot;conditions_ui&quot;:&quot;normal&quot;,&quot;notice_dismissed&quot;:false}}\" \/><input type=\"hidden\" name=\"_wpcf7_recaptcha_response\" value=\"\" \/>\n<\/fieldset>\n<p>Anrede*<br \/>\n<span class=\"wpcf7-form-control-wrap\" data-name=\"anrede\"><select class=\"wpcf7-form-control wpcf7-select\" aria-invalid=\"false\" name=\"anrede\"><option value=\"\">&#8212;Veuillez choisir une option&#8212;<\/option><option value=\"Frau\">Frau<\/option><option value=\"Herr\">Herr<\/option><\/select><\/span>\n<\/p>\n<p>Firma:<br \/>\n<span class=\"wpcf7-form-control-wrap\" data-name=\"Firma\"><input size=\"40\" maxlength=\"400\" class=\"wpcf7-form-control wpcf7-text\" aria-invalid=\"false\" value=\"\" type=\"text\" name=\"Firma\" \/><\/span>\n<\/p>\n<p>Vorname*:<br \/>\n<span class=\"wpcf7-form-control-wrap\" data-name=\"Vorname\"><input size=\"40\" maxlength=\"400\" class=\"wpcf7-form-control wpcf7-text wpcf7-validates-as-required\" aria-required=\"true\" aria-invalid=\"false\" value=\"\" type=\"text\" name=\"Vorname\" \/><\/span>\n<\/p>\n<p>Nachname*:<br \/>\n<span class=\"wpcf7-form-control-wrap\" data-name=\"Nachname\"><input size=\"40\" maxlength=\"400\" class=\"wpcf7-form-control wpcf7-text wpcf7-validates-as-required\" aria-required=\"true\" aria-invalid=\"false\" value=\"\" type=\"text\" name=\"Nachname\" \/><\/span>\n<\/p>\n<p>Adresse*:<br \/>\n<span class=\"wpcf7-form-control-wrap\" data-name=\"Adresse\"><input size=\"40\" maxlength=\"400\" class=\"wpcf7-form-control wpcf7-text wpcf7-validates-as-required\" aria-required=\"true\" aria-invalid=\"false\" value=\"\" type=\"text\" name=\"Adresse\" \/><\/span>\n<\/p>\n<p>PLZ\/Ort:<br \/>\n<span class=\"wpcf7-form-control-wrap\" data-name=\"PLZ\"><input size=\"40\" maxlength=\"400\" class=\"wpcf7-form-control wpcf7-text wpcf7-validates-as-required\" aria-required=\"true\" aria-invalid=\"false\" value=\"\" type=\"text\" name=\"PLZ\" \/><\/span>\n<\/p>\n<p>Telefon*:<br \/>\n<span class=\"wpcf7-form-control-wrap\" data-name=\"Telefon\"><input size=\"40\" maxlength=\"400\" class=\"wpcf7-form-control wpcf7-text wpcf7-validates-as-required\" aria-required=\"true\" aria-invalid=\"false\" value=\"\" type=\"text\" name=\"Telefon\" \/><\/span>\n<\/p>\n<p>E-mail*:<br \/>\n<span class=\"wpcf7-form-control-wrap\" data-name=\"Email\"><input size=\"40\" maxlength=\"400\" class=\"wpcf7-form-control wpcf7-email wpcf7-validates-as-required wpcf7-text wpcf7-validates-as-email medium\" aria-required=\"true\" aria-invalid=\"false\" value=\"\" type=\"email\" name=\"Email\" \/><\/span>\n<\/p>\n<p><B>Kursinformationen: <\/b>\n<\/p>\n<p>Welche Sprache m\u00f6chten Sie lernen?* :<br \/>\n<span class=\"wpcf7-form-control-wrap\" data-name=\"Sprache\"><input size=\"40\" maxlength=\"400\" class=\"wpcf7-form-control wpcf7-text wpcf7-validates-as-required\" aria-required=\"true\" aria-invalid=\"false\" placeholder=\"z.B. Deutsch, Englisch, Spanisch\" value=\"\" type=\"text\" name=\"Sprache\" \/><\/span>\n<\/p>\n<p>Kursart*:<br \/>\n<span class=\"wpcf7-form-control-wrap\" data-name=\"Kursart\"><select class=\"wpcf7-form-control wpcf7-select wpcf7-validates-as-required\" aria-required=\"true\" aria-invalid=\"false\" name=\"Kursart\"><option value=\"\">&#8212;Veuillez choisir une option&#8212;<\/option><option value=\"Intensivkurs (20 Std. Woche)\">Intensivkurs (20 Std. Woche)<\/option><option value=\"Abendkurs 1 x w\u00f6chentlich\">Abendkurs 1 x w\u00f6chentlich<\/option><option value=\"Abendkurs 2 x w\u00f6chentlich\">Abendkurs 2 x w\u00f6chentlich<\/option><option value=\"Samstagskurs\">Samstagskurs<\/option><option value=\"Einzelunterricht\">Einzelunterricht<\/option><option value=\"Firmenkurs\">Firmenkurs<\/option><option value=\"Sprachvisum\">Sprachvisum<\/option><option value=\"telc-Vorbereitungskurs\">telc-Vorbereitungskurs<\/option><\/select><\/span>\n<\/p>\n<p>Niveau*:<br \/>\n<span class=\"wpcf7-form-control-wrap\" data-name=\"niveau\"><select class=\"wpcf7-form-control wpcf7-select wpcf7-validates-as-required\" aria-required=\"true\" aria-invalid=\"false\" name=\"niveau\"><option value=\"A1.1 (Anf\u00e4nger\/Beginner)\">A1.1 (Anf\u00e4nger\/Beginner)<\/option><option value=\"A1.2 (Anf\u00e4nger\/Beginner)\">A1.2 (Anf\u00e4nger\/Beginner)<\/option><option value=\"A2.1 (Elementary\/Grundlagen)\">A2.1 (Elementary\/Grundlagen)<\/option><option value=\"A2.2 (Elementary\/Grundlagen)\">A2.2 (Elementary\/Grundlagen)<\/option><option value=\"B1.1 (Intermediate\/Mittelstufe)\">B1.1 (Intermediate\/Mittelstufe)<\/option><option value=\"B1.2 (Intermediate\/Mittelstufe)\">B1.2 (Intermediate\/Mittelstufe)<\/option><option value=\"B2.1 (Vantage\/gute Mittelstufe)\">B2.1 (Vantage\/gute Mittelstufe)<\/option><option value=\"B2.2 (Vantage\/gute Mittelstufe)\">B2.2 (Vantage\/gute Mittelstufe)<\/option><option value=\"C1 (Advanced\/fortgeschrittene Kenntnisse)\">C1 (Advanced\/fortgeschrittene Kenntnisse)<\/option><option value=\"C2 (Proficiency\/exzellente Kenntnisse)\">C2 (Proficiency\/exzellente Kenntnisse)<\/option><\/select><\/span>\n<\/p>\n<p>Kursbeginn*:<br \/>\n<span class=\"wpcf7-form-control-wrap\" data-name=\"Kursbeginn\"><input class=\"wpcf7-form-control wpcf7-date wpcf7-validates-as-required wpcf7-validates-as-date\" aria-required=\"true\" aria-invalid=\"false\" value=\"\" type=\"date\" name=\"Kursbeginn\" \/><\/span>\n<\/p>\n<p>Dauer des Kurses*:<br \/>\n<span class=\"wpcf7-form-control-wrap\" data-name=\"dauer\"><input size=\"40\" maxlength=\"400\" class=\"wpcf7-form-control wpcf7-text wpcf7-validates-as-required\" aria-required=\"true\" aria-invalid=\"false\" placeholder=\"z.B. 4 Wochen f\u00fcr Intensivkurs\" value=\"\" type=\"text\" name=\"dauer\" \/><\/span>\n<\/p>\n<p>Gew\u00fcnschte Stundenzahl:<br \/>\n<span class=\"wpcf7-form-control-wrap\" data-name=\"Stundenzahl\"><input size=\"40\" maxlength=\"400\" class=\"wpcf7-form-control wpcf7-text\" aria-invalid=\"false\" value=\"\" type=\"text\" name=\"Stundenzahl\" \/><\/span>\n<\/p>\n<p><b>Zahlung: <\/b>\n<\/p>\n<p>Zahlungsmethoden:<br \/>\n<span class=\"wpcf7-form-control-wrap\" data-name=\"Zahlung\"><select class=\"wpcf7-form-control wpcf7-select wpcf7-validates-as-required\" aria-required=\"true\" aria-invalid=\"false\" name=\"Zahlung\"><option value=\"Bar zu Gesch\u00e4ftszeiten in unserem B\u00fcro\">Bar zu Gesch\u00e4ftszeiten in unserem B\u00fcro<\/option><option value=\"\u00dcberweisung\">\u00dcberweisung<\/option><\/select><\/span>\n<\/p>\n<p><b>Bemerkungen, Hinweise<\/b><br \/>\n<span class=\"wpcf7-form-control-wrap\" data-name=\"Bemerkungen\"><textarea cols=\"40\" rows=\"10\" maxlength=\"2000\" class=\"wpcf7-form-control wpcf7-textarea\" aria-invalid=\"false\" name=\"Bemerkungen\"><\/textarea><\/span>\n<\/p>\n<div style=\"\">\n\t<p><span class=\"wpcf7-form-control-wrap\" data-name=\"agb\"><span class=\"wpcf7-form-control wpcf7-acceptance\"><span class=\"wpcf7-list-item\"><input type=\"checkbox\" name=\"agb\" value=\"1\" aria-invalid=\"false\" \/><\/span><\/span><\/span> (*) Ich habe die <a href=\"https:\/\/www.sprachschule-aktiv-stade.de\/allgemeine-geschaeftsbedingungen\/\" target=\"_blank\">Allgemeinen Gesch\u00e4ftsbedingungen<\/a> akzeptiert und habe die Hinweise zum <a href=\"https:\/\/www.sprachschule-aktiv-stade.de\/datenschutzerklarung\/\" target=\"_blank\">Datenschutz<\/a> zur Kenntnis genommen.\n\t<\/p>\n<\/div>\n<p><b>Wichtige Information \u2013 Nutzung Ihrer Daten aus diesem Formular<\/b><br \/>\nWichtige Hinweise zum Datenschutz: Ich habe zur Kenntnis genommen, dass ich das Recht auf Auskunft, Korrektur, L\u00f6schung oder Anonymisierung meiner Daten habe. Ihre pers\u00f6nlichen Daten werden in unserer hausinternen Datenbank gespeichert und dienen ausschlie\u00dflich der Bearbeitung Ihrer Anfrage bzw. Anmeldung. Wir geben Ihre pers\u00f6nlichen Daten grunds\u00e4tzlich nicht ohne Ihre Einwilligung an Dritte weiter, sofern dies nicht zur Vertragsdurchf\u00fchrung notwendig ist oder Sie uns dazu auffordern. Weitere Informationen entnehmen Sie bitte unserer <a href=\"https:\/\/www.sprachschule-aktiv-stade.de\/datenschutzerklarung\/\" target=\"_blank\">Datenschutzerkl\u00e4rung<\/a>.\n<\/p>\n<p><input class=\"wpcf7-form-control wpcf7-submit has-spinner\" type=\"submit\" value=\"Kostenpflichtig bestellen\" \/>\n<\/p><div class=\"wpcf7-response-output\" aria-hidden=\"true\"><\/div>\n<\/form>\n<\/div>\n\t\t\t\t\t\t\t\t<\/div>\n\t\t\t\t<\/div>\n\t\t\t\t\t<\/div>\n\t\t<\/div>\n\t\t\t\t\t<\/div>\n\t\t<\/section>\n\t\t\t\t<\/div>\n\t\t","protected":false},"excerpt":{"rendered":"<p>Inscription aux cours de langue \u00e0 la Sprachschule Aktiv Stade Inscription aux cours de langue \u2013 Veuillez remplir le formulaire d&#8217;inscription au cours de langue souhait\u00e9.<\/p>\n","protected":false},"author":1,"featured_media":0,"parent":0,"menu_order":0,"comment_status":"closed","ping_status":"closed","template":"","meta":{"footnotes":""},"class_list":["post-2038","page","type-page","status-publish","hentry"],"yoast_head":"<!-- This site is optimized with the Yoast SEO plugin v27.1.1 - https:\/\/yoast.com\/product\/yoast-seo-wordpress\/ -->\n<title>Inscription aux cours de langue \u00e0 Stade - R\u00e9servez un cours !<\/title>\n<meta name=\"description\" content=\"Sur cette page, vous pouvez vous inscrire \u00e0 un cours de langue. Formulaire d&#039;inscription aux cours de langue \u00e0 la Sprachschule Aktiv Stade\" \/>\n<meta name=\"robots\" content=\"index, follow, max-snippet:-1, max-image-preview:large, max-video-preview:-1\" \/>\n<link rel=\"canonical\" href=\"https:\/\/www.sprachschule-aktiv-stade.de\/fr\/reservez-maintenant\/\" \/>\n<meta property=\"og:locale\" content=\"fr_FR\" \/>\n<meta property=\"og:type\" content=\"article\" \/>\n<meta property=\"og:title\" content=\"Inscription aux cours de langue \u00e0 Stade - R\u00e9servez un cours !\" \/>\n<meta property=\"og:description\" content=\"Sur cette page, vous pouvez vous inscrire \u00e0 un cours de langue. Formulaire d&#039;inscription aux cours de langue \u00e0 la Sprachschule Aktiv Stade\" \/>\n<meta property=\"og:url\" content=\"https:\/\/www.sprachschule-aktiv-stade.de\/fr\/reservez-maintenant\/\" \/>\n<meta property=\"og:site_name\" content=\"Sprachschule Aktiv Stade\" \/>\n<meta property=\"article:modified_time\" content=\"2023-07-08T16:28:40+00:00\" \/>\n<meta name=\"twitter:card\" content=\"summary_large_image\" \/>\n<script type=\"application\/ld+json\" class=\"yoast-schema-graph\">{\"@context\":\"https:\/\/schema.org\",\"@graph\":[{\"@type\":\"WebPage\",\"@id\":\"https:\/\/www.sprachschule-aktiv-stade.de\/fr\/reservez-maintenant\/\",\"url\":\"https:\/\/www.sprachschule-aktiv-stade.de\/fr\/reservez-maintenant\/\",\"name\":\"Inscription aux cours de langue \u00e0 Stade - R\u00e9servez un cours !\",\"isPartOf\":{\"@id\":\"https:\/\/www.sprachschule-aktiv-stade.de\/#website\"},\"datePublished\":\"2023-04-12T20:49:08+00:00\",\"dateModified\":\"2023-07-08T16:28:40+00:00\",\"description\":\"Sur cette page, vous pouvez vous inscrire \u00e0 un cours de langue. Formulaire d'inscription aux cours de langue \u00e0 la Sprachschule Aktiv Stade\",\"breadcrumb\":{\"@id\":\"https:\/\/www.sprachschule-aktiv-stade.de\/fr\/reservez-maintenant\/#breadcrumb\"},\"inLanguage\":\"fr-FR\",\"potentialAction\":[{\"@type\":\"ReadAction\",\"target\":[\"https:\/\/www.sprachschule-aktiv-stade.de\/fr\/reservez-maintenant\/\"]}]},{\"@type\":\"BreadcrumbList\",\"@id\":\"https:\/\/www.sprachschule-aktiv-stade.de\/fr\/reservez-maintenant\/#breadcrumb\",\"itemListElement\":[{\"@type\":\"ListItem\",\"position\":1,\"name\":\"Startseite\",\"item\":\"https:\/\/www.sprachschule-aktiv-stade.de\/fr\/\"},{\"@type\":\"ListItem\",\"position\":2,\"name\":\"Inscription aux cours de langue \u00e0 Stade &#8211; R\u00e9servez un cours !\"}]},{\"@type\":\"WebSite\",\"@id\":\"https:\/\/www.sprachschule-aktiv-stade.de\/#website\",\"url\":\"https:\/\/www.sprachschule-aktiv-stade.de\/\",\"name\":\"Sprachschule Aktiv Stade\",\"description\":\"\",\"potentialAction\":[{\"@type\":\"SearchAction\",\"target\":{\"@type\":\"EntryPoint\",\"urlTemplate\":\"https:\/\/www.sprachschule-aktiv-stade.de\/?s={search_term_string}\"},\"query-input\":{\"@type\":\"PropertyValueSpecification\",\"valueRequired\":true,\"valueName\":\"search_term_string\"}}],\"inLanguage\":\"fr-FR\"}]}<\/script>\n<!-- \/ Yoast SEO plugin. -->","yoast_head_json":{"title":"Inscription aux cours de langue \u00e0 Stade - R\u00e9servez un cours !","description":"Sur cette page, vous pouvez vous inscrire \u00e0 un cours de langue. Formulaire d'inscription aux cours de langue \u00e0 la Sprachschule Aktiv Stade","robots":{"index":"index","follow":"follow","max-snippet":"max-snippet:-1","max-image-preview":"max-image-preview:large","max-video-preview":"max-video-preview:-1"},"canonical":"https:\/\/www.sprachschule-aktiv-stade.de\/fr\/reservez-maintenant\/","og_locale":"fr_FR","og_type":"article","og_title":"Inscription aux cours de langue \u00e0 Stade - R\u00e9servez un cours !","og_description":"Sur cette page, vous pouvez vous inscrire \u00e0 un cours de langue. Formulaire d'inscription aux cours de langue \u00e0 la Sprachschule Aktiv Stade","og_url":"https:\/\/www.sprachschule-aktiv-stade.de\/fr\/reservez-maintenant\/","og_site_name":"Sprachschule Aktiv Stade","article_modified_time":"2023-07-08T16:28:40+00:00","twitter_card":"summary_large_image","schema":{"@context":"https:\/\/schema.org","@graph":[{"@type":"WebPage","@id":"https:\/\/www.sprachschule-aktiv-stade.de\/fr\/reservez-maintenant\/","url":"https:\/\/www.sprachschule-aktiv-stade.de\/fr\/reservez-maintenant\/","name":"Inscription aux cours de langue \u00e0 Stade - R\u00e9servez un cours !","isPartOf":{"@id":"https:\/\/www.sprachschule-aktiv-stade.de\/#website"},"datePublished":"2023-04-12T20:49:08+00:00","dateModified":"2023-07-08T16:28:40+00:00","description":"Sur cette page, vous pouvez vous inscrire \u00e0 un cours de langue. Formulaire d'inscription aux cours de langue \u00e0 la Sprachschule Aktiv Stade","breadcrumb":{"@id":"https:\/\/www.sprachschule-aktiv-stade.de\/fr\/reservez-maintenant\/#breadcrumb"},"inLanguage":"fr-FR","potentialAction":[{"@type":"ReadAction","target":["https:\/\/www.sprachschule-aktiv-stade.de\/fr\/reservez-maintenant\/"]}]},{"@type":"BreadcrumbList","@id":"https:\/\/www.sprachschule-aktiv-stade.de\/fr\/reservez-maintenant\/#breadcrumb","itemListElement":[{"@type":"ListItem","position":1,"name":"Startseite","item":"https:\/\/www.sprachschule-aktiv-stade.de\/fr\/"},{"@type":"ListItem","position":2,"name":"Inscription aux cours de langue \u00e0 Stade &#8211; R\u00e9servez un cours !"}]},{"@type":"WebSite","@id":"https:\/\/www.sprachschule-aktiv-stade.de\/#website","url":"https:\/\/www.sprachschule-aktiv-stade.de\/","name":"Sprachschule Aktiv Stade","description":"","potentialAction":[{"@type":"SearchAction","target":{"@type":"EntryPoint","urlTemplate":"https:\/\/www.sprachschule-aktiv-stade.de\/?s={search_term_string}"},"query-input":{"@type":"PropertyValueSpecification","valueRequired":true,"valueName":"search_term_string"}}],"inLanguage":"fr-FR"}]}},"_links":{"self":[{"href":"https:\/\/www.sprachschule-aktiv-stade.de\/fr\/wp-json\/wp\/v2\/pages\/2038","targetHints":{"allow":["GET"]}}],"collection":[{"href":"https:\/\/www.sprachschule-aktiv-stade.de\/fr\/wp-json\/wp\/v2\/pages"}],"about":[{"href":"https:\/\/www.sprachschule-aktiv-stade.de\/fr\/wp-json\/wp\/v2\/types\/page"}],"author":[{"embeddable":true,"href":"https:\/\/www.sprachschule-aktiv-stade.de\/fr\/wp-json\/wp\/v2\/users\/1"}],"replies":[{"embeddable":true,"href":"https:\/\/www.sprachschule-aktiv-stade.de\/fr\/wp-json\/wp\/v2\/comments?post=2038"}],"version-history":[{"count":7,"href":"https:\/\/www.sprachschule-aktiv-stade.de\/fr\/wp-json\/wp\/v2\/pages\/2038\/revisions"}],"predecessor-version":[{"id":2046,"href":"https:\/\/www.sprachschule-aktiv-stade.de\/fr\/wp-json\/wp\/v2\/pages\/2038\/revisions\/2046"}],"wp:attachment":[{"href":"https:\/\/www.sprachschule-aktiv-stade.de\/fr\/wp-json\/wp\/v2\/media?parent=2038"}],"curies":[{"name":"wp","href":"https:\/\/api.w.org\/{rel}","templated":true}]}}